{"id":25194,"date":"2024-08-07T09:08:11","date_gmt":"2024-08-07T09:08:11","guid":{"rendered":"https:\/\/backspace.agency\/innventa\/about-us\/"},"modified":"2024-10-07T13:52:38","modified_gmt":"2024-10-07T13:52:38","slug":"about-us","status":"publish","type":"page","link":"https:\/\/innventa-pharm.com\/en\/about-us\/","title":{"rendered":"About Us"},"content":{"rendered":"\t\t<div data-elementor-type=\"wp-page\" data-elementor-id=\"25194\" class=\"elementor elementor-25194 elementor-24939\" data-elementor-post-type=\"page\">\n\t\t\t\t<div class=\"elementor-element elementor-element-ed281d6 e-flex e-con-boxed e-con e-parent\" data-id=\"ed281d6\" data-element_type=\"container\" data-e-type=\"container\" data-settings=\"{&quot;jet_parallax_layout_list&quot;:[],&quot;background_background&quot;:&quot;classic&quot;}\">\n\t\t\t\t\t<div class=\"e-con-inner\">\n\t\t\t\t<div class=\"elementor-element elementor-element-053d3a2 elementor-headline--style-highlight elementor-widget elementor-widget-animated-headline\" data-id=\"053d3a2\" data-element_type=\"widget\" data-e-type=\"widget\" data-settings=\"{&quot;marker&quot;:&quot;underline&quot;,&quot;highlighted_text&quot;:&quot;&lt;span style=\\&quot;color:#171D21;\\&quot;&gt;About Us&lt;\\\/span&gt; &quot;,&quot;highlight_animation_duration&quot;:0,&quot;headline_style&quot;:&quot;highlight&quot;}\" data-widget_type=\"animated-headline.default\">\n\t\t\t\t<div class=\"elementor-widget-container\">\n\t\t\t\t\t\t\t<h1 class=\"elementor-headline\">\n\t\t\t\t<span class=\"elementor-headline-dynamic-wrapper elementor-headline-text-wrapper\">\n\t\t\t\t\t<span class=\"elementor-headline-dynamic-text elementor-headline-text-active\"><span style=\"color:#171D21\">About Us<\/span> <\/span>\n\t\t\t\t<\/span>\n\t\t\t\t<\/h1>\n\t\t\t\t\t\t<\/div>\n\t\t\t\t<\/div>\n\t\t\t\t<div class=\"elementor-element elementor-element-5374c3b elementor-widget elementor-widget-heading\" data-id=\"5374c3b\" data-element_type=\"widget\" data-e-type=\"widget\" data-widget_type=\"heading.default\">\n\t\t\t\t<div class=\"elementor-widget-container\">\n\t\t\t\t\t<h2 class=\"elementor-heading-title elementor-size-default\">We are providing innventive pharma solutions<\/h2>\t\t\t\t<\/div>\n\t\t\t\t<\/div>\n\t\t<div class=\"elementor-element elementor-element-e678f3e e-con-full e-flex e-con e-child\" data-id=\"e678f3e\" data-element_type=\"container\" data-e-type=\"container\" data-settings=\"{&quot;jet_parallax_layout_list&quot;:[]}\">\n\t\t<div class=\"elementor-element elementor-element-bce8d38 e-con-full e-flex e-con e-child\" data-id=\"bce8d38\" data-element_type=\"container\" data-e-type=\"container\" data-settings=\"{&quot;jet_parallax_layout_list&quot;:[]}\">\n\t\t\t\t<div class=\"elementor-element elementor-element-6cdcb30 elementor-widget elementor-widget-text-editor\" data-id=\"6cdcb30\" data-element_type=\"widget\" data-e-type=\"widget\" data-widget_type=\"text-editor.default\">\n\t\t\t\t<div class=\"elementor-widget-container\">\n\t\t\t\t\t\t\t\t\t<p>Innventa Pharm is a pharmaceutical company based in Belgrade, founded in 2011.<\/p><p>Our primary mission is to introduce and promote innovative pharmaceutical products \u2014 drugs, medical devices, and dietary supplements that are clinically proven to be effective and safe, all while adhering to the high-quality standards for which we are recognized.<\/p><p>We are currently active in the markets of Serbia, Bosnia and Herzegovina, Montenegro, North Macedonia, Albania, Slovakia, Spain, and Russia, with plans to expand into Eastern and Western European markets.<\/p><p>Our unique Innventa portfolio includes products developed in collaboration with renowned partners from Spain, Greece, Italy, Argentina, the United States, and other countries.<\/p>\t\t\t\t\t\t\t\t<\/div>\n\t\t\t\t<\/div>\n\t\t\t\t<\/div>\n\t\t<div class=\"elementor-element elementor-element-ca80958 e-con-full e-flex e-con e-child\" data-id=\"ca80958\" data-element_type=\"container\" data-e-type=\"container\" data-settings=\"{&quot;jet_parallax_layout_list&quot;:[]}\">\n\t\t\t\t<div class=\"elementor-element elementor-element-956d609 elementor-widget elementor-widget-text-editor\" data-id=\"956d609\" data-element_type=\"widget\" data-e-type=\"widget\" data-widget_type=\"text-editor.default\">\n\t\t\t\t<div class=\"elementor-widget-container\">\n\t\t\t\t\t\t\t\t\t<p>We place a particular emphasis on therapeutic groups and indications in the fields of urology, orthopedics, physiatry, gynecology, cardiology, and ORL. We are dedicated to continuous progress in providing innovative pharmaceutical solutions, striving to meet the needs of the medical community and our loyal consumers.<\/p><p>The Innventa team is composed of carefully selected, highly professional, motivated, and experienced associates, led by a management team with extensive experience in the pharmaceutical industry.<\/p><p>Our team is characterized by a distinctive Innventa organizational culture, a professional approach to clients, partners, and the professional public, and a strong sense of team spirit. This allows us to grow rapidly and achieve the ambitious goals we set for ourselves.<\/p>\t\t\t\t\t\t\t\t<\/div>\n\t\t\t\t<\/div>\n\t\t\t\t<\/div>\n\t\t\t\t<\/div>\n\t\t\t\t\t<\/div>\n\t\t\t\t<\/div>\n\t\t<div class=\"elementor-element elementor-element-ac2b9e0 e-flex e-con-boxed e-con e-parent\" data-id=\"ac2b9e0\" data-element_type=\"container\" data-e-type=\"container\" data-settings=\"{&quot;background_background&quot;:&quot;classic&quot;,&quot;jet_parallax_layout_list&quot;:[]}\">\n\t\t\t\t\t<div class=\"e-con-inner\">\n\t\t<div class=\"elementor-element elementor-element-e721573 e-con-full e-flex e-con e-child\" data-id=\"e721573\" data-element_type=\"container\" data-e-type=\"container\" data-settings=\"{&quot;jet_parallax_layout_list&quot;:[]}\">\n\t\t<div class=\"elementor-element elementor-element-19c40ac e-con-full e-flex e-con e-child\" data-id=\"19c40ac\" data-element_type=\"container\" data-e-type=\"container\" data-settings=\"{&quot;jet_parallax_layout_list&quot;:[]}\">\n\t\t\t\t<div class=\"elementor-element elementor-element-034ef95 elementor-widget elementor-widget-counter\" data-id=\"034ef95\" data-element_type=\"widget\" data-e-type=\"widget\" data-widget_type=\"counter.default\">\n\t\t\t\t<div class=\"elementor-widget-container\">\n\t\t\t\t\t\t\t<div class=\"elementor-counter\">\n\t\t\t<div class=\"elementor-counter-title\">Medical devices<\/div>\t\t\t<div class=\"elementor-counter-number-wrapper\">\n\t\t\t\t<span class=\"elementor-counter-number-prefix\"><\/span>\n\t\t\t\t<span class=\"elementor-counter-number\" data-duration=\"2000\" data-to-value=\"5\" data-from-value=\"0\" data-delimiter=\",\">0<\/span>\n\t\t\t\t<span class=\"elementor-counter-number-suffix\"><\/span>\n\t\t\t<\/div>\n\t\t<\/div>\n\t\t\t\t\t\t<\/div>\n\t\t\t\t<\/div>\n\t\t\t\t<\/div>\n\t\t<div class=\"elementor-element elementor-element-9c1bc85 e-con-full e-flex e-con e-child\" data-id=\"9c1bc85\" data-element_type=\"container\" data-e-type=\"container\" data-settings=\"{&quot;jet_parallax_layout_list&quot;:[]}\">\n\t\t\t\t<div class=\"elementor-element elementor-element-466a3f2 elementor-widget elementor-widget-counter\" data-id=\"466a3f2\" data-element_type=\"widget\" data-e-type=\"widget\" data-widget_type=\"counter.default\">\n\t\t\t\t<div class=\"elementor-widget-container\">\n\t\t\t\t\t\t\t<div class=\"elementor-counter\">\n\t\t\t<div class=\"elementor-counter-title\">Cosmetic devices<\/div>\t\t\t<div class=\"elementor-counter-number-wrapper\">\n\t\t\t\t<span class=\"elementor-counter-number-prefix\"><\/span>\n\t\t\t\t<span class=\"elementor-counter-number\" data-duration=\"2000\" data-to-value=\"3\" data-from-value=\"0\" data-delimiter=\",\">0<\/span>\n\t\t\t\t<span class=\"elementor-counter-number-suffix\"><\/span>\n\t\t\t<\/div>\n\t\t<\/div>\n\t\t\t\t\t\t<\/div>\n\t\t\t\t<\/div>\n\t\t\t\t<\/div>\n\t\t<div class=\"elementor-element elementor-element-539d6fd e-con-full e-flex e-con e-child\" data-id=\"539d6fd\" data-element_type=\"container\" data-e-type=\"container\" data-settings=\"{&quot;jet_parallax_layout_list&quot;:[]}\">\n\t\t\t\t<div class=\"elementor-element elementor-element-e4fc1dc elementor-widget elementor-widget-counter\" data-id=\"e4fc1dc\" data-element_type=\"widget\" data-e-type=\"widget\" data-widget_type=\"counter.default\">\n\t\t\t\t<div class=\"elementor-widget-container\">\n\t\t\t\t\t\t\t<div class=\"elementor-counter\">\n\t\t\t<div class=\"elementor-counter-title\">Food supplements<\/div>\t\t\t<div class=\"elementor-counter-number-wrapper\">\n\t\t\t\t<span class=\"elementor-counter-number-prefix\"><\/span>\n\t\t\t\t<span class=\"elementor-counter-number\" data-duration=\"2000\" data-to-value=\"16\" data-from-value=\"0\" data-delimiter=\",\">0<\/span>\n\t\t\t\t<span class=\"elementor-counter-number-suffix\"><\/span>\n\t\t\t<\/div>\n\t\t<\/div>\n\t\t\t\t\t\t<\/div>\n\t\t\t\t<\/div>\n\t\t\t\t<\/div>\n\t\t<div class=\"elementor-element elementor-element-a721e24 e-con-full e-flex e-con e-child\" data-id=\"a721e24\" data-element_type=\"container\" data-e-type=\"container\" data-settings=\"{&quot;jet_parallax_layout_list&quot;:[]}\">\n\t\t\t\t<div class=\"elementor-element elementor-element-7d4c764 elementor-widget elementor-widget-counter\" data-id=\"7d4c764\" data-element_type=\"widget\" data-e-type=\"widget\" data-widget_type=\"counter.default\">\n\t\t\t\t<div class=\"elementor-widget-container\">\n\t\t\t\t\t\t\t<div class=\"elementor-counter\">\n\t\t\t<div class=\"elementor-counter-title\">Rx products<\/div>\t\t\t<div class=\"elementor-counter-number-wrapper\">\n\t\t\t\t<span class=\"elementor-counter-number-prefix\"><\/span>\n\t\t\t\t<span class=\"elementor-counter-number\" data-duration=\"2000\" data-to-value=\"5\" data-from-value=\"0\" data-delimiter=\",\">0<\/span>\n\t\t\t\t<span class=\"elementor-counter-number-suffix\"><\/span>\n\t\t\t<\/div>\n\t\t<\/div>\n\t\t\t\t\t\t<\/div>\n\t\t\t\t<\/div>\n\t\t\t\t<\/div>\n\t\t\t\t<\/div>\n\t\t\t\t\t<\/div>\n\t\t\t\t<\/div>\n\t\t<div class=\"elementor-element elementor-element-55fbbb8 e-con-full e-flex e-con e-parent\" data-id=\"55fbbb8\" data-element_type=\"container\" data-e-type=\"container\" data-settings=\"{&quot;background_background&quot;:&quot;classic&quot;,&quot;jet_parallax_layout_list&quot;:[]}\">\n\t\t<div class=\"elementor-element elementor-element-40e0818 e-con-full e-flex e-con e-child\" data-id=\"40e0818\" data-element_type=\"container\" data-e-type=\"container\" data-settings=\"{&quot;jet_parallax_layout_list&quot;:[]}\">\n\t\t\t\t<div class=\"elementor-element elementor-element-d410f17 elementor-headline--style-highlight elementor-widget elementor-widget-animated-headline\" data-id=\"d410f17\" data-element_type=\"widget\" data-e-type=\"widget\" data-settings=\"{&quot;marker&quot;:&quot;underline&quot;,&quot;highlighted_text&quot;:&quot;&lt;span style=\\&quot;color:#171D21;\\&quot;&gt;INNventa&#039;s Markets&lt;\\\/span&gt; &quot;,&quot;highlight_animation_duration&quot;:0,&quot;headline_style&quot;:&quot;highlight&quot;}\" data-widget_type=\"animated-headline.default\">\n\t\t\t\t<div class=\"elementor-widget-container\">\n\t\t\t\t\t\t\t<h2 class=\"elementor-headline\">\n\t\t\t\t<span class=\"elementor-headline-dynamic-wrapper elementor-headline-text-wrapper\">\n\t\t\t\t\t<span class=\"elementor-headline-dynamic-text elementor-headline-text-active\"><span style=\"color:#171D21\">INNventa's Markets<\/span> <\/span>\n\t\t\t\t<\/span>\n\t\t\t\t<\/h2>\n\t\t\t\t\t\t<\/div>\n\t\t\t\t<\/div>\n\t\t\t\t<div class=\"elementor-element elementor-element-c881b32 elementor-widget elementor-widget-text-editor\" data-id=\"c881b32\" data-element_type=\"widget\" data-e-type=\"widget\" data-widget_type=\"text-editor.default\">\n\t\t\t\t<div class=\"elementor-widget-container\">\n\t\t\t\t\t\t\t\t\t<p>Innventa Pharm was founded in Serbia in 2011.<\/p><p>We are currently active in the markets of Serbia, Bosnia and Herzegovina, Montenegro, North Macedonia, Greece, Spain, Russia, and Albania, with plans to expand into new markets, including Romania, Hungary, and Bulgaria.<\/p><p>We are registered as an importer and wholesaler, specializing in:<\/p><p class=\"p1\"><span class=\"Apple-converted-space\">&#8211; Representation of pharmaceutical companies<\/span><br \/><span class=\"Apple-converted-space\">&#8211; Import and distribution<\/span><br \/><span class=\"Apple-converted-space\">&#8211; Promotions<\/span><\/p><p>We collaborate with 20 partner companies worldwide, and since 2016 we have been focusing on product development under our own brand. The company currently employs 45 people, including 30 medical representatives.<\/p>\t\t\t\t\t\t\t\t<\/div>\n\t\t\t\t<\/div>\n\t\t\t\t<\/div>\n\t\t<div class=\"elementor-element elementor-element-bfd0d75 e-con-full e-flex e-con e-child\" data-id=\"bfd0d75\" data-element_type=\"container\" data-e-type=\"container\" data-settings=\"{&quot;jet_parallax_layout_list&quot;:[]}\">\n\t\t\t\t<div class=\"elementor-element elementor-element-98da31e elementor-widget elementor-widget-image\" data-id=\"98da31e\" data-element_type=\"widget\" data-e-type=\"widget\" data-widget_type=\"image.default\">\n\t\t\t\t<div class=\"elementor-widget-container\">\n\t\t\t\t\t\t\t\t\t\t\t\t\t\t\t<img fetchpriority=\"high\" decoding=\"async\" width=\"1000\" height=\"1000\" src=\"https:\/\/innventa-pharm.com\/wp-content\/uploads\/2024\/08\/mapa.png\" class=\"attachment-full size-full wp-image-25121\" alt=\"\" srcset=\"https:\/\/innventa-pharm.com\/wp-content\/uploads\/2024\/08\/mapa.png 1000w, https:\/\/innventa-pharm.com\/wp-content\/uploads\/2024\/08\/mapa-300x300.png 300w, https:\/\/innventa-pharm.com\/wp-content\/uploads\/2024\/08\/mapa-150x150.png 150w, https:\/\/innventa-pharm.com\/wp-content\/uploads\/2024\/08\/mapa-768x768.png 768w\" sizes=\"(max-width: 1000px) 100vw, 1000px\" \/>\t\t\t\t\t\t\t\t\t\t\t\t\t\t\t<\/div>\n\t\t\t\t<\/div>\n\t\t\t\t<\/div>\n\t\t\t\t<\/div>\n\t\t\t\t<\/div>\n\t\t","protected":false},"excerpt":{"rendered":"<p>About Us We are providing innventive pharma solutions Innventa Pharm is a pharmaceutical company based in Belgrade, founded in 2011. Our primary mission is to introduce and promote innovative pharmaceutical products \u2014 drugs, medical devices, and dietary supplements that are clinically proven to be effective and safe, all while adhering to the high-quality standards for [&hellip;]<\/p>\n","protected":false},"author":2,"featured_media":0,"parent":0,"menu_order":0,"comment_status":"closed","ping_status":"closed","template":"","meta":{"footnotes":""},"class_list":["post-25194","page","type-page","status-publish","hentry"],"yoast_head":"<!-- This site is optimized with the Yoast SEO plugin v27.3 - https:\/\/yoast.com\/product\/yoast-seo-wordpress\/ -->\n<title>About Us - INNventa Pharm<\/title>\n<meta name=\"description\" content=\"Innventa Pharm je farmaceutska kompanija sa sedi\u0161tem u Beogradu, osnovana 2011. 55. Na\u0161a primarna svrha je da uvodimo i promovi\u0161emo inovativne farmaceutske proizvode.\" \/>\n<meta name=\"robots\" content=\"index, follow, max-snippet:-1, max-image-preview:large, max-video-preview:-1\" \/>\n<link rel=\"canonical\" href=\"https:\/\/innventa-pharm.com\/en\/about-us\/\" \/>\n<meta property=\"og:locale\" content=\"en_US\" \/>\n<meta property=\"og:type\" content=\"article\" \/>\n<meta property=\"og:title\" content=\"About Us - INNventa Pharm\" \/>\n<meta property=\"og:description\" content=\"Innventa Pharm je farmaceutska kompanija sa sedi\u0161tem u Beogradu, osnovana 2011. 55. Na\u0161a primarna svrha je da uvodimo i promovi\u0161emo inovativne farmaceutske proizvode.\" \/>\n<meta property=\"og:url\" content=\"https:\/\/innventa-pharm.com\/en\/about-us\/\" \/>\n<meta property=\"og:site_name\" content=\"INNventa Pharm\" \/>\n<meta property=\"article:publisher\" content=\"https:\/\/www.facebook.com\/INNventaPharm\" \/>\n<meta property=\"article:modified_time\" content=\"2024-10-07T13:52:38+00:00\" \/>\n<meta property=\"og:image\" content=\"https:\/\/innventa-pharm.com\/wp-content\/uploads\/2024\/08\/mapa.png\" \/>\n<meta name=\"twitter:card\" content=\"summary_large_image\" \/>\n<meta name=\"twitter:label1\" content=\"Est. reading time\" \/>\n\t<meta name=\"twitter:data1\" content=\"2 minutes\" \/>\n<script type=\"application\/ld+json\" class=\"yoast-schema-graph\">{\"@context\":\"https:\\\/\\\/schema.org\",\"@graph\":[{\"@type\":\"WebPage\",\"@id\":\"https:\\\/\\\/innventa-pharm.com\\\/en\\\/about-us\\\/\",\"url\":\"https:\\\/\\\/innventa-pharm.com\\\/en\\\/about-us\\\/\",\"name\":\"About Us - INNventa Pharm\",\"isPartOf\":{\"@id\":\"https:\\\/\\\/innventa-pharm.com\\\/en\\\/#website\"},\"primaryImageOfPage\":{\"@id\":\"https:\\\/\\\/innventa-pharm.com\\\/en\\\/about-us\\\/#primaryimage\"},\"image\":{\"@id\":\"https:\\\/\\\/innventa-pharm.com\\\/en\\\/about-us\\\/#primaryimage\"},\"thumbnailUrl\":\"https:\\\/\\\/innventa-pharm.com\\\/wp-content\\\/uploads\\\/2024\\\/08\\\/mapa.png\",\"datePublished\":\"2024-08-07T09:08:11+00:00\",\"dateModified\":\"2024-10-07T13:52:38+00:00\",\"description\":\"Innventa Pharm je farmaceutska kompanija sa sedi\u0161tem u Beogradu, osnovana 2011. 55. Na\u0161a primarna svrha je da uvodimo i promovi\u0161emo inovativne farmaceutske proizvode.\",\"breadcrumb\":{\"@id\":\"https:\\\/\\\/innventa-pharm.com\\\/en\\\/about-us\\\/#breadcrumb\"},\"inLanguage\":\"en-US\",\"potentialAction\":[{\"@type\":\"ReadAction\",\"target\":[\"https:\\\/\\\/innventa-pharm.com\\\/en\\\/about-us\\\/\"]}]},{\"@type\":\"ImageObject\",\"inLanguage\":\"en-US\",\"@id\":\"https:\\\/\\\/innventa-pharm.com\\\/en\\\/about-us\\\/#primaryimage\",\"url\":\"https:\\\/\\\/innventa-pharm.com\\\/wp-content\\\/uploads\\\/2024\\\/08\\\/mapa.png\",\"contentUrl\":\"https:\\\/\\\/innventa-pharm.com\\\/wp-content\\\/uploads\\\/2024\\\/08\\\/mapa.png\"},{\"@type\":\"BreadcrumbList\",\"@id\":\"https:\\\/\\\/innventa-pharm.com\\\/en\\\/about-us\\\/#breadcrumb\",\"itemListElement\":[{\"@type\":\"ListItem\",\"position\":1,\"name\":\"Home\",\"item\":\"https:\\\/\\\/innventa-pharm.com\\\/en\\\/\"},{\"@type\":\"ListItem\",\"position\":2,\"name\":\"About Us\"}]},{\"@type\":\"WebSite\",\"@id\":\"https:\\\/\\\/innventa-pharm.com\\\/en\\\/#website\",\"url\":\"https:\\\/\\\/innventa-pharm.com\\\/en\\\/\",\"name\":\"INNventa Pharm\",\"description\":\"Innovative Pharma Solutions\",\"publisher\":{\"@id\":\"https:\\\/\\\/innventa-pharm.com\\\/en\\\/#organization\"},\"potentialAction\":[{\"@type\":\"SearchAction\",\"target\":{\"@type\":\"EntryPoint\",\"urlTemplate\":\"https:\\\/\\\/innventa-pharm.com\\\/en\\\/?s={search_term_string}\"},\"query-input\":{\"@type\":\"PropertyValueSpecification\",\"valueRequired\":true,\"valueName\":\"search_term_string\"}}],\"inLanguage\":\"en-US\"},{\"@type\":\"Organization\",\"@id\":\"https:\\\/\\\/innventa-pharm.com\\\/en\\\/#organization\",\"name\":\"INNventa Pharm\",\"url\":\"https:\\\/\\\/innventa-pharm.com\\\/en\\\/\",\"logo\":{\"@type\":\"ImageObject\",\"inLanguage\":\"en-US\",\"@id\":\"https:\\\/\\\/innventa-pharm.com\\\/en\\\/#\\\/schema\\\/logo\\\/image\\\/\",\"url\":\"https:\\\/\\\/innventa-pharm.com\\\/wp-content\\\/uploads\\\/2023\\\/03\\\/innventa-favicon-2017.png\",\"contentUrl\":\"https:\\\/\\\/innventa-pharm.com\\\/wp-content\\\/uploads\\\/2023\\\/03\\\/innventa-favicon-2017.png\",\"width\":512,\"height\":512,\"caption\":\"INNventa Pharm\"},\"image\":{\"@id\":\"https:\\\/\\\/innventa-pharm.com\\\/en\\\/#\\\/schema\\\/logo\\\/image\\\/\"},\"sameAs\":[\"https:\\\/\\\/www.facebook.com\\\/INNventaPharm\"]}]}<\/script>\n<!-- \/ Yoast SEO plugin. -->","yoast_head_json":{"title":"About Us - INNventa Pharm","description":"Innventa Pharm je farmaceutska kompanija sa sedi\u0161tem u Beogradu, osnovana 2011. 55. Na\u0161a primarna svrha je da uvodimo i promovi\u0161emo inovativne farmaceutske proizvode.","robots":{"index":"index","follow":"follow","max-snippet":"max-snippet:-1","max-image-preview":"max-image-preview:large","max-video-preview":"max-video-preview:-1"},"canonical":"https:\/\/innventa-pharm.com\/en\/about-us\/","og_locale":"en_US","og_type":"article","og_title":"About Us - INNventa Pharm","og_description":"Innventa Pharm je farmaceutska kompanija sa sedi\u0161tem u Beogradu, osnovana 2011. 55. Na\u0161a primarna svrha je da uvodimo i promovi\u0161emo inovativne farmaceutske proizvode.","og_url":"https:\/\/innventa-pharm.com\/en\/about-us\/","og_site_name":"INNventa Pharm","article_publisher":"https:\/\/www.facebook.com\/INNventaPharm","article_modified_time":"2024-10-07T13:52:38+00:00","og_image":[{"url":"https:\/\/innventa-pharm.com\/wp-content\/uploads\/2024\/08\/mapa.png","type":"","width":"","height":""}],"twitter_card":"summary_large_image","twitter_misc":{"Est. reading time":"2 minutes"},"schema":{"@context":"https:\/\/schema.org","@graph":[{"@type":"WebPage","@id":"https:\/\/innventa-pharm.com\/en\/about-us\/","url":"https:\/\/innventa-pharm.com\/en\/about-us\/","name":"About Us - INNventa Pharm","isPartOf":{"@id":"https:\/\/innventa-pharm.com\/en\/#website"},"primaryImageOfPage":{"@id":"https:\/\/innventa-pharm.com\/en\/about-us\/#primaryimage"},"image":{"@id":"https:\/\/innventa-pharm.com\/en\/about-us\/#primaryimage"},"thumbnailUrl":"https:\/\/innventa-pharm.com\/wp-content\/uploads\/2024\/08\/mapa.png","datePublished":"2024-08-07T09:08:11+00:00","dateModified":"2024-10-07T13:52:38+00:00","description":"Innventa Pharm je farmaceutska kompanija sa sedi\u0161tem u Beogradu, osnovana 2011. 55. Na\u0161a primarna svrha je da uvodimo i promovi\u0161emo inovativne farmaceutske proizvode.","breadcrumb":{"@id":"https:\/\/innventa-pharm.com\/en\/about-us\/#breadcrumb"},"inLanguage":"en-US","potentialAction":[{"@type":"ReadAction","target":["https:\/\/innventa-pharm.com\/en\/about-us\/"]}]},{"@type":"ImageObject","inLanguage":"en-US","@id":"https:\/\/innventa-pharm.com\/en\/about-us\/#primaryimage","url":"https:\/\/innventa-pharm.com\/wp-content\/uploads\/2024\/08\/mapa.png","contentUrl":"https:\/\/innventa-pharm.com\/wp-content\/uploads\/2024\/08\/mapa.png"},{"@type":"BreadcrumbList","@id":"https:\/\/innventa-pharm.com\/en\/about-us\/#breadcrumb","itemListElement":[{"@type":"ListItem","position":1,"name":"Home","item":"https:\/\/innventa-pharm.com\/en\/"},{"@type":"ListItem","position":2,"name":"About Us"}]},{"@type":"WebSite","@id":"https:\/\/innventa-pharm.com\/en\/#website","url":"https:\/\/innventa-pharm.com\/en\/","name":"INNventa Pharm","description":"Innovative Pharma Solutions","publisher":{"@id":"https:\/\/innventa-pharm.com\/en\/#organization"},"potentialAction":[{"@type":"SearchAction","target":{"@type":"EntryPoint","urlTemplate":"https:\/\/innventa-pharm.com\/en\/?s={search_term_string}"},"query-input":{"@type":"PropertyValueSpecification","valueRequired":true,"valueName":"search_term_string"}}],"inLanguage":"en-US"},{"@type":"Organization","@id":"https:\/\/innventa-pharm.com\/en\/#organization","name":"INNventa Pharm","url":"https:\/\/innventa-pharm.com\/en\/","logo":{"@type":"ImageObject","inLanguage":"en-US","@id":"https:\/\/innventa-pharm.com\/en\/#\/schema\/logo\/image\/","url":"https:\/\/innventa-pharm.com\/wp-content\/uploads\/2023\/03\/innventa-favicon-2017.png","contentUrl":"https:\/\/innventa-pharm.com\/wp-content\/uploads\/2023\/03\/innventa-favicon-2017.png","width":512,"height":512,"caption":"INNventa Pharm"},"image":{"@id":"https:\/\/innventa-pharm.com\/en\/#\/schema\/logo\/image\/"},"sameAs":["https:\/\/www.facebook.com\/INNventaPharm"]}]}},"_links":{"self":[{"href":"https:\/\/innventa-pharm.com\/en\/wp-json\/wp\/v2\/pages\/25194","targetHints":{"allow":["GET"]}}],"collection":[{"href":"https:\/\/innventa-pharm.com\/en\/wp-json\/wp\/v2\/pages"}],"about":[{"href":"https:\/\/innventa-pharm.com\/en\/wp-json\/wp\/v2\/types\/page"}],"author":[{"embeddable":true,"href":"https:\/\/innventa-pharm.com\/en\/wp-json\/wp\/v2\/users\/2"}],"replies":[{"embeddable":true,"href":"https:\/\/innventa-pharm.com\/en\/wp-json\/wp\/v2\/comments?post=25194"}],"version-history":[{"count":10,"href":"https:\/\/innventa-pharm.com\/en\/wp-json\/wp\/v2\/pages\/25194\/revisions"}],"predecessor-version":[{"id":25246,"href":"https:\/\/innventa-pharm.com\/en\/wp-json\/wp\/v2\/pages\/25194\/revisions\/25246"}],"wp:attachment":[{"href":"https:\/\/innventa-pharm.com\/en\/wp-json\/wp\/v2\/media?parent=25194"}],"curies":[{"name":"wp","href":"https:\/\/api.w.org\/{rel}","templated":true}]}}